{"id":4374,"date":"2026-04-03T12:08:10","date_gmt":"2026-04-03T12:08:10","guid":{"rendered":"https:\/\/superiorroomsinlaspezia.com\/i-tuoi-host\/"},"modified":"2026-04-20T14:28:00","modified_gmt":"2026-04-20T14:28:00","slug":"i-tuoi-host","status":"publish","type":"page","link":"https:\/\/superiorroomsinlaspezia.com\/de\/i-tuoi-host\/","title":{"rendered":"I tuoi host TED"},"content":{"rendered":"\t\t<div data-elementor-type=\"wp-page\" data-elementor-id=\"4374\" class=\"elementor elementor-4374 elementor-794\" data-elementor-post-type=\"page\">\n\t\t\t\t<div class=\"elementor-element elementor-element-b12daf7 e-flex e-con-boxed e-con e-parent\" data-id=\"b12daf7\" data-element_type=\"container\" data-e-type=\"container\">\n\t\t\t\t\t<div class=\"e-con-inner\">\n\t\t\t\t<div class=\"elementor-element elementor-element-bb46dd9 elementor-widget-divider--view-line_icon elementor-view-default elementor-widget-divider--element-align-center elementor-widget elementor-widget-global elementor-global-131 elementor-widget-divider\" data-id=\"bb46dd9\" data-element_type=\"widget\" data-e-type=\"widget\" data-widget_type=\"divider.default\">\n\t\t\t\t\t\t\t<div class=\"elementor-divider\">\n\t\t\t<span class=\"elementor-divider-separator\">\n\t\t\t\t\t\t\t<div class=\"elementor-icon elementor-divider__element\">\n\t\t\t\t\t<svg aria-hidden=\"true\" class=\"e-font-icon-svg e-fas-home\" viewBox=\"0 0 576 512\" xmlns=\"http:\/\/www.w3.org\/2000\/svg\"><path d=\"M280.37 148.26L96 300.11V464a16 16 0 0 0 16 16l112.06-.29a16 16 0 0 0 15.92-16V368a16 16 0 0 1 16-16h64a16 16 0 0 1 16 16v95.64a16 16 0 0 0 16 16.05L464 480a16 16 0 0 0 16-16V300L295.67 148.26a12.19 12.19 0 0 0-15.3 0zM571.6 251.47L488 182.56V44.05a12 12 0 0 0-12-12h-56a12 12 0 0 0-12 12v72.61L318.47 43a48 48 0 0 0-61 0L4.34 251.47a12 12 0 0 0-1.6 16.9l25.5 31A12 12 0 0 0 45.15 301l235.22-193.74a12.19 12.19 0 0 1 15.3 0L530.9 301a12 12 0 0 0 16.9-1.6l25.5-31a12 12 0 0 0-1.7-16.93z\"><\/path><\/svg><\/div>\n\t\t\t\t\t\t<\/span>\n\t\t<\/div>\n\t\t\t\t\t\t<\/div>\n\t\t\t\t<div class=\"elementor-element elementor-element-5feab26 elementor-widget elementor-widget-heading\" data-id=\"5feab26\" data-element_type=\"widget\" data-e-type=\"widget\" data-widget_type=\"heading.default\">\n\t\t\t\t\t<h3 class=\"elementor-heading-title elementor-size-default\">Ihre Gastgeber\n<\/h3>\t\t\t\t<\/div>\n\t\t\t\t\t<\/div>\n\t\t\t\t<\/div>\n\t\t<div class=\"elementor-element elementor-element-a60f9f4 e-flex e-con-boxed e-con e-parent\" data-id=\"a60f9f4\" data-element_type=\"container\" data-e-type=\"container\">\n\t\t\t\t\t<div class=\"e-con-inner\">\n\t\t\t\t<div class=\"elementor-element elementor-element-9c65f27 elementor-widget elementor-widget-text-editor\" data-id=\"9c65f27\" data-element_type=\"widget\" data-e-type=\"widget\" data-widget_type=\"text-editor.default\">\n\t\t\t\t\t\t\t\t\t<p>Hinter jedem bis ins kleinste Detail gepflegten Zimmer, hinter jedem perfekt platzierten Licht, hinter jeder Flasche Wein, die auf dem Nachttisch auf Sie wartet \u2014 <strong>stehen Elisa und Simone.<\/strong><\/p><p>Gemeinsam empfehlen sie Ihnen den Wanderweg, den Sie bei Google nicht finden, das Restaurant, in dem die Einheimischen essen, die richtige Uhrzeit, um den Sonnenuntergang von Punta Mesco aus zu sehen, ohne jemandem zu begegnen.<br \/><strong>Sie k\u00f6nnen dieses Land erz\u00e4hlen, weil sie es lieben \u2014 und das sieht man.<\/strong><\/p><p><strong>Wenn Sie nach Hause zur\u00fcckkehren, werden Sie sich an die Cinque Terre erinnern, an den Golf der Dichter, an den Stein, an das Meer. Aber Sie werden sich auch an die beiden erinnern.<\/strong><\/p>\t\t\t\t\t\t\t\t<\/div>\n\t\t<div class=\"elementor-element elementor-element-1f59f14 e-con-full e-flex e-con e-child\" data-id=\"1f59f14\" data-element_type=\"container\" data-e-type=\"container\">\n\t\t<div class=\"elementor-element elementor-element-19aeb66 e-con-full e-flex e-con e-child\" data-id=\"19aeb66\" data-element_type=\"container\" data-e-type=\"container\">\n\t\t\t\t<div class=\"elementor-element elementor-element-8413b03 elementor-hidden-mobile elementor-widget elementor-widget-heading\" data-id=\"8413b03\" data-element_type=\"widget\" data-e-type=\"widget\" data-widget_type=\"heading.default\">\n\t\t\t\t\t<h3 class=\"elementor-heading-title elementor-size-default\">Elisa<\/h3>\t\t\t\t<\/div>\n\t\t\t\t<div class=\"elementor-element elementor-element-4d3e25b elementor-widget elementor-widget-text-editor\" data-id=\"4d3e25b\" data-element_type=\"widget\" data-e-type=\"widget\" data-widget_type=\"text-editor.default\">\n\t\t\t\t\t\t\t\t\t<p><strong>Sie ist das Gesicht, dem Sie begegnen.<\/strong> Pr\u00e4sent, verf\u00fcgbar, tatkr\u00e4ftig. Vom Moment Ihrer Ankunft in La Spezia \u2014 ob Sie aus dem Zug steigen oder einen Parkplatz suchen \u2014 Elisa ist da. W\u00e4hrend Ihres Aufenthalts ist sie <strong>Ihre Ansprechpartnerin f\u00fcr alles: eine Bitte, etwas Unerwartetes<\/strong>, einen Last-Minute-Tipp.<\/p><p><strong>Sie steht Ihnen jederzeit zur Verf\u00fcgung, weil es ihr wirklich am Herzen liegt, zum Gelingen Ihres Aufenthalts beizutragen.<\/strong><\/p>\t\t\t\t\t\t\t\t<\/div>\n\t\t\t\t<div class=\"elementor-element elementor-element-79cd8a8 elementor-widget elementor-widget-image\" data-id=\"79cd8a8\" data-element_type=\"widget\" data-e-type=\"widget\" data-widget_type=\"image.default\">\n\t\t\t\t\t\t\t\t\t\t\t\t\t\t\t<img fetchpriority=\"high\" decoding=\"async\" width=\"1985\" height=\"1258\" src=\"https:\/\/superiorroomsinlaspezia.com\/wp-content\/uploads\/2026\/04\/elisa-affittacamere-del-golfo.jpg\" class=\"attachment-full size-full wp-image-4370\" alt=\"\" srcset=\"https:\/\/superiorroomsinlaspezia.com\/wp-content\/uploads\/2026\/04\/elisa-affittacamere-del-golfo.jpg 1985w, https:\/\/superiorroomsinlaspezia.com\/wp-content\/uploads\/2026\/04\/elisa-affittacamere-del-golfo-300x190.jpg 300w, https:\/\/superiorroomsinlaspezia.com\/wp-content\/uploads\/2026\/04\/elisa-affittacamere-del-golfo-1024x649.jpg 1024w, https:\/\/superiorroomsinlaspezia.com\/wp-content\/uploads\/2026\/04\/elisa-affittacamere-del-golfo-768x487.jpg 768w, https:\/\/superiorroomsinlaspezia.com\/wp-content\/uploads\/2026\/04\/elisa-affittacamere-del-golfo-1536x973.jpg 1536w\" sizes=\"(max-width: 1985px) 100vw, 1985px\" \/>\t\t\t\t\t\t\t\t\t\t\t\t\t\t\t<\/div>\n\t\t\t\t<div class=\"elementor-element elementor-element-a9610ea elementor-hidden-desktop elementor-hidden-tablet elementor-widget elementor-widget-heading\" data-id=\"a9610ea\" data-element_type=\"widget\" data-e-type=\"widget\" data-widget_type=\"heading.default\">\n\t\t\t\t\t<h3 class=\"elementor-heading-title elementor-size-default\">Elisa<\/h3>\t\t\t\t<\/div>\n\t\t\t\t<\/div>\n\t\t<div class=\"elementor-element elementor-element-4ef2605 e-con-full e-flex e-con e-child\" data-id=\"4ef2605\" data-element_type=\"container\" data-e-type=\"container\">\n\t\t\t\t<div class=\"elementor-element elementor-element-b4ac172 elementor-widget elementor-widget-heading\" data-id=\"b4ac172\" data-element_type=\"widget\" data-e-type=\"widget\" data-widget_type=\"heading.default\">\n\t\t\t\t\t<h3 class=\"elementor-heading-title elementor-size-default\">Simone<\/h3>\t\t\t\t<\/div>\n\t\t\t\t<div class=\"elementor-element elementor-element-c8833d2 elementor-widget elementor-widget-image\" data-id=\"c8833d2\" data-element_type=\"widget\" data-e-type=\"widget\" data-widget_type=\"image.default\">\n\t\t\t\t\t\t\t\t\t\t\t\t\t\t\t<img decoding=\"async\" width=\"2008\" height=\"1383\" src=\"https:\/\/superiorroomsinlaspezia.com\/wp-content\/uploads\/2026\/04\/simone-affittacamere-del-golfo.jpg\" class=\"attachment-full size-full wp-image-4371\" alt=\"\" srcset=\"https:\/\/superiorroomsinlaspezia.com\/wp-content\/uploads\/2026\/04\/simone-affittacamere-del-golfo.jpg 2008w, https:\/\/superiorroomsinlaspezia.com\/wp-content\/uploads\/2026\/04\/simone-affittacamere-del-golfo-300x207.jpg 300w, https:\/\/superiorroomsinlaspezia.com\/wp-content\/uploads\/2026\/04\/simone-affittacamere-del-golfo-1024x705.jpg 1024w, https:\/\/superiorroomsinlaspezia.com\/wp-content\/uploads\/2026\/04\/simone-affittacamere-del-golfo-768x529.jpg 768w, https:\/\/superiorroomsinlaspezia.com\/wp-content\/uploads\/2026\/04\/simone-affittacamere-del-golfo-1536x1058.jpg 1536w\" sizes=\"(max-width: 2008px) 100vw, 2008px\" \/>\t\t\t\t\t\t\t\t\t\t\t\t\t\t\t<\/div>\n\t\t\t\t<div class=\"elementor-element elementor-element-4fa1004 elementor-widget elementor-widget-text-editor\" data-id=\"4fa1004\" data-element_type=\"widget\" data-e-type=\"widget\" data-widget_type=\"text-editor.default\">\n\t\t\t\t\t\t\t\t\t<p><strong>Simone ist die Seele des Hauses.<\/strong> Inhaber, stiller Architekt jeder Verbesserung, H\u00fcter einer Sorgfalt, die keine Pause kennt. Jahr f\u00fcr Jahr investiert er, erg\u00e4nzt, perfektioniert \u2014 nicht aus Pflicht, sondern weil f\u00fcr ihn jedes Detail, das nicht am richtigen Platz ist, ein Detail ist, das auff\u00e4llt. Der beleuchtete Stein, das ausgew\u00e4hlte Holz, die Matratzenauflage: Nichts ist zuf\u00e4llig und nichts wird dem Zufall \u00fcberlassen.<\/p><p><strong>Er ist der Typ Mensch, der zweimal kontrolliert \u2014 nicht weil er nicht vertraut, sondern weil es ihm zu wichtig ist.<\/strong><\/p>\t\t\t\t\t\t\t\t<\/div>\n\t\t\t\t<\/div>\n\t\t\t\t<\/div>\n\t\t\t\t\t<\/div>\n\t\t\t\t<\/div>\n\t\t<div class=\"elementor-element elementor-element-040eeef e-flex e-con-boxed e-con e-parent\" data-id=\"040eeef\" data-element_type=\"container\" data-e-type=\"container\">\n\t\t\t\t\t<div class=\"e-con-inner\">\n\t\t<div class=\"elementor-element elementor-element-9e426f0 e-con-full e-flex e-con e-child\" data-id=\"9e426f0\" data-element_type=\"container\" data-e-type=\"container\">\n\t\t<div class=\"elementor-element elementor-element-0bfe650 e-con-full e-flex e-con e-child\" data-id=\"0bfe650\" data-element_type=\"container\" data-e-type=\"container\">\n\t\t\t\t<div class=\"elementor-element elementor-element-ce3d72b elementor-widget-divider--view-line_icon elementor-view-default elementor-widget-divider--element-align-center elementor-widget elementor-widget-divider\" data-id=\"ce3d72b\" data-element_type=\"widget\" data-e-type=\"widget\" data-widget_type=\"divider.default\">\n\t\t\t\t\t\t\t<div class=\"elementor-divider\">\n\t\t\t<span class=\"elementor-divider-separator\">\n\t\t\t\t\t\t\t<div class=\"elementor-icon elementor-divider__element\">\n\t\t\t\t\t<svg aria-hidden=\"true\" class=\"e-font-icon-svg e-fas-house-user\" viewBox=\"0 0 576 512\" xmlns=\"http:\/\/www.w3.org\/2000\/svg\"><path d=\"M570.69,236.27,512,184.44V48a16,16,0,0,0-16-16H432a16,16,0,0,0-16,16V99.67L314.78,10.3C308.5,4.61,296.53,0,288,0s-20.46,4.61-26.74,10.3l-256,226A18.27,18.27,0,0,0,0,248.2a18.64,18.64,0,0,0,4.09,10.71L25.5,282.7a21.14,21.14,0,0,0,12,5.3,21.67,21.67,0,0,0,10.69-4.11l15.9-14V480a32,32,0,0,0,32,32H480a32,32,0,0,0,32-32V269.88l15.91,14A21.94,21.94,0,0,0,538.63,288a20.89,20.89,0,0,0,11.87-5.31l21.41-23.81A21.64,21.64,0,0,0,576,248.19,21,21,0,0,0,570.69,236.27ZM288,176a64,64,0,1,1-64,64A64,64,0,0,1,288,176ZM400,448H176a16,16,0,0,1-16-16,96,96,0,0,1,96-96h64a96,96,0,0,1,96,96A16,16,0,0,1,400,448Z\"><\/path><\/svg><\/div>\n\t\t\t\t\t\t<\/span>\n\t\t<\/div>\n\t\t\t\t\t\t<\/div>\n\t\t\t\t<div class=\"elementor-element elementor-element-e982ef3 elementor-widget elementor-widget-heading\" data-id=\"e982ef3\" data-element_type=\"widget\" data-e-type=\"widget\" data-widget_type=\"heading.default\">\n\t\t\t\t\t<h3 class=\"elementor-heading-title elementor-size-default\">6 Zimmer, sechs Namen, sechs Geschichten zum Erleben<\/h3>\t\t\t\t<\/div>\n\t\t\t\t<div class=\"elementor-element elementor-element-261ca16 elementor-widget elementor-widget-image\" data-id=\"261ca16\" data-element_type=\"widget\" data-e-type=\"widget\" data-widget_type=\"image.default\">\n\t\t\t\t\t\t\t\t\t\t\t\t\t\t\t<img decoding=\"async\" width=\"2513\" height=\"1700\" src=\"https:\/\/superiorroomsinlaspezia.com\/wp-content\/uploads\/2026\/03\/superior-rooms-la-spezia-canera-regina-vittoria-22.jpg\" class=\"attachment-full size-full wp-image-1708\" alt=\"\" srcset=\"https:\/\/superiorroomsinlaspezia.com\/wp-content\/uploads\/2026\/03\/superior-rooms-la-spezia-canera-regina-vittoria-22.jpg 2513w, https:\/\/superiorroomsinlaspezia.com\/wp-content\/uploads\/2026\/03\/superior-rooms-la-spezia-canera-regina-vittoria-22-300x203.jpg 300w, https:\/\/superiorroomsinlaspezia.com\/wp-content\/uploads\/2026\/03\/superior-rooms-la-spezia-canera-regina-vittoria-22-1024x693.jpg 1024w, https:\/\/superiorroomsinlaspezia.com\/wp-content\/uploads\/2026\/03\/superior-rooms-la-spezia-canera-regina-vittoria-22-768x520.jpg 768w, https:\/\/superiorroomsinlaspezia.com\/wp-content\/uploads\/2026\/03\/superior-rooms-la-spezia-canera-regina-vittoria-22-1536x1039.jpg 1536w, https:\/\/superiorroomsinlaspezia.com\/wp-content\/uploads\/2026\/03\/superior-rooms-la-spezia-canera-regina-vittoria-22-2048x1385.jpg 2048w\" sizes=\"(max-width: 2513px) 100vw, 2513px\" \/>\t\t\t\t\t\t\t\t\t\t\t\t\t\t\t<\/div>\n\t\t\t\t<\/div>\n\t\t<div class=\"elementor-element elementor-element-999a5cf e-con-full e-flex e-con e-child\" data-id=\"999a5cf\" data-element_type=\"container\" data-e-type=\"container\">\n\t\t\t\t<div class=\"elementor-element elementor-element-210e0f6 elementor-widget elementor-widget-image\" data-id=\"210e0f6\" data-element_type=\"widget\" data-e-type=\"widget\" data-widget_type=\"image.default\">\n\t\t\t\t\t\t\t\t\t\t\t\t\t\t\t<img loading=\"lazy\" decoding=\"async\" width=\"1600\" height=\"1057\" src=\"https:\/\/superiorroomsinlaspezia.com\/wp-content\/uploads\/2026\/04\/dettagli-superior-rooms-in-la-spezia-1.jpg\" class=\"attachment-full size-full wp-image-4372\" alt=\"\" srcset=\"https:\/\/superiorroomsinlaspezia.com\/wp-content\/uploads\/2026\/04\/dettagli-superior-rooms-in-la-spezia-1.jpg 1600w, https:\/\/superiorroomsinlaspezia.com\/wp-content\/uploads\/2026\/04\/dettagli-superior-rooms-in-la-spezia-1-300x198.jpg 300w, https:\/\/superiorroomsinlaspezia.com\/wp-content\/uploads\/2026\/04\/dettagli-superior-rooms-in-la-spezia-1-1024x676.jpg 1024w, https:\/\/superiorroomsinlaspezia.com\/wp-content\/uploads\/2026\/04\/dettagli-superior-rooms-in-la-spezia-1-768x507.jpg 768w, https:\/\/superiorroomsinlaspezia.com\/wp-content\/uploads\/2026\/04\/dettagli-superior-rooms-in-la-spezia-1-1536x1015.jpg 1536w\" sizes=\"(max-width: 1600px) 100vw, 1600px\" \/>\t\t\t\t\t\t\t\t\t\t\t\t\t\t\t<\/div>\n\t\t\t\t<div class=\"elementor-element elementor-element-11b3f6f elementor-widget elementor-widget-text-editor\" data-id=\"11b3f6f\" data-element_type=\"widget\" data-e-type=\"widget\" data-widget_type=\"text-editor.default\">\n\t\t\t\t\t\t\t\t\t<p>Deluxe, Superior und Family Room: jedes Zimmer einzigartig in Gr\u00f6\u00dfe und Charakter, alle verbunden durch dieselbe Sorgfalt im Detail. Stein, Holz, moderner Komfort und ein Ausblick, der die Reise wert ist. W\u00e4hlen Sie Ihres. Alle Zimmer unseres Hauses sind mit einem Schreibtisch, einem Flachbildfernseher und einem Safe ausgestattet.<\/p><p>Das eigene Badezimmer verf\u00fcgt \u00fcber eine Dusche mit Chromotherapie und\/oder Hydromassage, ein Pflegeset und einen Haartrockner. Alle Einheiten sind mit einem Mini-K\u00fchlschrank und einem Wasserkocher ausgestattet.<\/p>\t\t\t\t\t\t\t\t<\/div>\n\t\t<div class=\"elementor-element elementor-element-7df6366 e-con-full e-flex e-con e-child\" data-id=\"7df6366\" data-element_type=\"container\" data-e-type=\"container\">\n\t\t\t\t<div class=\"elementor-element elementor-element-4cf999e elementor-align-center elementor-widget__width-inherit elementor-widget elementor-widget-button\" data-id=\"4cf999e\" data-element_type=\"widget\" data-e-type=\"widget\" data-widget_type=\"button.default\">\n\t\t\t\t\t\t\t\t\t\t<a class=\"elementor-button elementor-button-link elementor-size-sm\" href=\"https:\/\/superiorroomsinlaspezia.com\/de\/zimmer\/\">\n\t\t\t\t\t\t<span class=\"elementor-button-content-wrapper\">\n\t\t\t\t\t\t\t\t\t<span class=\"elementor-button-text\">ALLE ENTDECKEN<\/span>\n\t\t\t\t\t<\/span>\n\t\t\t\t\t<\/a>\n\t\t\t\t\t\t\t\t<\/div>\n\t\t\t\t<div class=\"elementor-element elementor-element-0b48b59 elementor-align-center elementor-widget__width-inherit elementor-widget elementor-widget-button\" data-id=\"0b48b59\" data-element_type=\"widget\" data-e-type=\"widget\" data-widget_type=\"button.default\">\n\t\t\t\t\t\t\t\t\t\t<a class=\"elementor-button elementor-button-link elementor-size-sm\" href=\"https:\/\/wubook.net\/nneb\/bk?f=today&#038;n=1&#038;ep=18f17eed&#038;rtag=5&#038;o=1.0.0.0\" rel=\"nofollow noopener\" target=\"_blank\">\n\t\t\t\t\t\t<span class=\"elementor-button-content-wrapper\">\n\t\t\t\t\t\t\t\t\t<span class=\"elementor-button-text\">JETZT BUCHEN<\/span>\n\t\t\t\t\t<\/span>\n\t\t\t\t\t<\/a>\n\t\t\t\t\t\t\t\t<\/div>\n\t\t\t\t<\/div>\n\t\t\t\t<\/div>\n\t\t\t\t<\/div>\n\t\t\t\t\t<\/div>\n\t\t\t\t<\/div>\n\t\t\t\t<\/div>\n\t\t","protected":false},"excerpt":{"rendered":"<p>Ihre Gastgeber Hinter jedem bis ins kleinste Detail gepflegten Zimmer, hinter jedem perfekt platzierten Licht, hinter jeder Flasche Wein, die auf dem Nachttisch auf Sie wartet \u2014 stehen Elisa und Simone. Gemeinsam empfehlen sie Ihnen den Wanderweg, den Sie bei Google nicht finden, das Restaurant, in dem die Einheimischen essen, die richtige Uhrzeit, um den [&hellip;]<\/p>\n","protected":false},"author":1,"featured_media":1607,"parent":0,"menu_order":0,"comment_status":"closed","ping_status":"closed","template":"","meta":{"_acf_changed":false,"_joinchat":[],"footnotes":""},"class_list":["post-4374","page","type-page","status-publish","has-post-thumbnail","hentry"],"acf":[],"_links":{"self":[{"href":"https:\/\/superiorroomsinlaspezia.com\/de\/wp-json\/wp\/v2\/pages\/4374","targetHints":{"allow":["GET"]}}],"collection":[{"href":"https:\/\/superiorroomsinlaspezia.com\/de\/wp-json\/wp\/v2\/pages"}],"about":[{"href":"https:\/\/superiorroomsinlaspezia.com\/de\/wp-json\/wp\/v2\/types\/page"}],"author":[{"embeddable":true,"href":"https:\/\/superiorroomsinlaspezia.com\/de\/wp-json\/wp\/v2\/users\/1"}],"replies":[{"embeddable":true,"href":"https:\/\/superiorroomsinlaspezia.com\/de\/wp-json\/wp\/v2\/comments?post=4374"}],"version-history":[{"count":52,"href":"https:\/\/superiorroomsinlaspezia.com\/de\/wp-json\/wp\/v2\/pages\/4374\/revisions"}],"predecessor-version":[{"id":4967,"href":"https:\/\/superiorroomsinlaspezia.com\/de\/wp-json\/wp\/v2\/pages\/4374\/revisions\/4967"}],"wp:featuredmedia":[{"embeddable":true,"href":"https:\/\/superiorroomsinlaspezia.com\/de\/wp-json\/wp\/v2\/media\/1607"}],"wp:attachment":[{"href":"https:\/\/superiorroomsinlaspezia.com\/de\/wp-json\/wp\/v2\/media?parent=4374"}],"curies":[{"name":"wp","href":"https:\/\/api.w.org\/{rel}","templated":true}]}}