{"id":4508,"date":"2026-03-30T11:34:29","date_gmt":"2026-03-30T11:34:29","guid":{"rendered":"https:\/\/superiorroomsinlaspezia.com\/superior-rooms-in-la-spezia-affittacamere\/"},"modified":"2026-04-18T17:57:33","modified_gmt":"2026-04-18T17:57:33","slug":"superior-rooms-in-la-spezia-affittacamere","status":"publish","type":"page","link":"https:\/\/superiorroomsinlaspezia.com\/fr\/","title":{"rendered":"Superior Rooms in La Spezia Affittacamere FRA"},"content":{"rendered":"\t\t<div data-elementor-type=\"wp-page\" data-elementor-id=\"4508\" class=\"elementor elementor-4508 elementor-446\" data-elementor-post-type=\"page\">\n\t\t\t\t<div class=\"elementor-element elementor-element-16e9dd2 e-con-full e-flex e-con e-parent\" data-id=\"16e9dd2\" data-element_type=\"container\" data-e-type=\"container\" data-settings=\"{&quot;background_background&quot;:&quot;video&quot;,&quot;background_video_link&quot;:&quot;https:\\\/\\\/clientiioconverto.s3.eu-central-1.amazonaws.com\\\/affittacamere-golfo\\\/vassallo_superior.mp4&quot;,&quot;background_play_on_mobile&quot;:&quot;yes&quot;}\">\n\t\t<div class=\"elementor-background-video-container\">\n\t\t\t\t\t\t\t<video class=\"elementor-background-video-hosted\" role=\"presentation\" autoplay muted playsinline loop><\/video>\n\t\t\t\t\t<\/div>\t\t<div class=\"elementor-element elementor-element-84dacdd elementor-widget elementor-widget-heading\" data-id=\"84dacdd\" data-element_type=\"widget\" data-e-type=\"widget\" data-widget_type=\"heading.default\">\n\t\t\t\t\t<h1 class=\"elementor-heading-title elementor-size-default\">SuperioR Rooms in La Spezia<\/h1>\t\t\t\t<\/div>\n\t\t\t\t<div class=\"elementor-element elementor-element-90b9f12 elementor-widget elementor-widget-heading\" data-id=\"90b9f12\" data-element_type=\"widget\" data-e-type=\"widget\" data-widget_type=\"heading.default\">\n\t\t\t\t\t<h2 class=\"elementor-heading-title elementor-size-default\">Au c\u0153ur de La Spezia, \u00e0 deux pas de tout\n<\/h2>\t\t\t\t<\/div>\n\t\t<div class=\"elementor-element elementor-element-6d02b7f e-flex e-con-boxed e-con e-child\" data-id=\"6d02b7f\" data-element_type=\"container\" data-e-type=\"container\">\n\t\t\t\t\t<div class=\"e-con-inner\">\n\t\t<div class=\"elementor-element elementor-element-c8ce8de e-con-full e-flex e-con e-child\" data-id=\"c8ce8de\" data-element_type=\"container\" data-e-type=\"container\">\n\t\t\t\t<div class=\"elementor-element elementor-element-0ec47d5 elementor-align-right elementor-widget__width-inherit elementor-mobile-align-center elementor-widget elementor-widget-button\" data-id=\"0ec47d5\" data-element_type=\"widget\" data-e-type=\"widget\" data-widget_type=\"button.default\">\n\t\t\t\t\t\t\t\t\t\t<a class=\"elementor-button elementor-button-link elementor-size-sm\" href=\"#scopri\">\n\t\t\t\t\t\t<span class=\"elementor-button-content-wrapper\">\n\t\t\t\t\t\t<span class=\"elementor-button-icon\">\n\t\t\t\t<svg aria-hidden=\"true\" class=\"e-font-icon-svg e-far-arrow-alt-circle-down\" viewBox=\"0 0 512 512\" xmlns=\"http:\/\/www.w3.org\/2000\/svg\"><path d=\"M256 8C119 8 8 119 8 256s111 248 248 248 248-111 248-248S393 8 256 8zm0 448c-110.5 0-200-89.5-200-200S145.5 56 256 56s200 89.5 200 200-89.5 200-200 200zm-32-316v116h-67c-10.7 0-16 12.9-8.5 20.5l99 99c4.7 4.7 12.3 4.7 17 0l99-99c7.6-7.6 2.2-20.5-8.5-20.5h-67V140c0-6.6-5.4-12-12-12h-40c-6.6 0-12 5.4-12 12z\"><\/path><\/svg>\t\t\t<\/span>\n\t\t\t\t\t\t\t\t\t<span class=\"elementor-button-text\">En savoir plus<\/span>\n\t\t\t\t\t<\/span>\n\t\t\t\t\t<\/a>\n\t\t\t\t\t\t\t\t<\/div>\n\t\t\t\t<\/div>\n\t\t<div class=\"elementor-element elementor-element-b3dffe2 e-con-full e-flex e-con e-child\" data-id=\"b3dffe2\" data-element_type=\"container\" data-e-type=\"container\">\n\t\t\t\t<div class=\"elementor-element elementor-element-cfffdc7 elementor-align-left elementor-widget__width-inherit elementor-mobile-align-center elementor-widget elementor-widget-button\" data-id=\"cfffdc7\" data-element_type=\"widget\" data-e-type=\"widget\" data-widget_type=\"button.default\">\n\t\t\t\t\t\t\t\t\t\t<a class=\"elementor-button elementor-button-link elementor-size-sm\" href=\"https:\/\/superiorroomsinlaspezia.com\/fr\/chambres\/\">\n\t\t\t\t\t\t<span class=\"elementor-button-content-wrapper\">\n\t\t\t\t\t\t<span class=\"elementor-button-icon\">\n\t\t\t\t<svg aria-hidden=\"true\" class=\"e-font-icon-svg e-far-square\" viewBox=\"0 0 448 512\" xmlns=\"http:\/\/www.w3.org\/2000\/svg\"><path d=\"M400 32H48C21.5 32 0 53.5 0 80v352c0 26.5 21.5 48 48 48h352c26.5 0 48-21.5 48-48V80c0-26.5-21.5-48-48-48zm-6 400H54c-3.3 0-6-2.7-6-6V86c0-3.3 2.7-6 6-6h340c3.3 0 6 2.7 6 6v340c0 3.3-2.7 6-6 6z\"><\/path><\/svg>\t\t\t<\/span>\n\t\t\t\t\t\t\t\t\t<span class=\"elementor-button-text\">Nos chambres<\/span>\n\t\t\t\t\t<\/span>\n\t\t\t\t\t<\/a>\n\t\t\t\t\t\t\t\t<\/div>\n\t\t\t\t<\/div>\n\t\t\t\t\t<\/div>\n\t\t\t\t<\/div>\n\t\t\t\t<\/div>\n\t\t<div class=\"elementor-element elementor-element-c153b91 e-flex e-con-boxed e-con e-parent\" data-id=\"c153b91\" data-element_type=\"container\" data-e-type=\"container\" id=\"scopri\">\n\t\t\t\t\t<div class=\"e-con-inner\">\n\t\t\t\t\t<\/div>\n\t\t\t\t<\/div>\n\t\t<div class=\"elementor-element elementor-element-6777ff1 e-flex e-con-boxed e-con e-parent\" data-id=\"6777ff1\" data-element_type=\"container\" data-e-type=\"container\">\n\t\t\t\t\t<div class=\"e-con-inner\">\n\t\t<div class=\"elementor-element elementor-element-ca4328b e-con-full e-flex e-con e-child\" data-id=\"ca4328b\" data-element_type=\"container\" data-e-type=\"container\">\n\t\t\t\t<div class=\"elementor-element elementor-element-9d2eed0 elementor-widget elementor-widget-heading\" data-id=\"9d2eed0\" data-element_type=\"widget\" data-e-type=\"widget\" data-widget_type=\"heading.default\">\n\t\t\t\t\t<h2 class=\"elementor-heading-title elementor-size-default\">Au c\u0153ur de La Spezia, \u00e0 deux pas de tout\n<\/h2>\t\t\t\t<\/div>\n\t\t\t\t<div class=\"elementor-element elementor-element-db8633f elementor-widget elementor-widget-text-editor\" data-id=\"db8633f\" data-element_type=\"widget\" data-e-type=\"widget\" data-widget_type=\"text-editor.default\">\n\t\t\t\t\t\t\t\t\t<p>Fermez la porte derri\u00e8re vous et laissez le bruit dehors. Les chambres de Superior Rooms, notre maison d&rsquo;h\u00f4tes du Golfe des Po\u00e8tes et des Cinque Terre, ont \u00e9t\u00e9 pens\u00e9es pour cela : vous faire sentir, enfin, au bon endroit. Pierre apparente, poutres en bois r\u00e9cup\u00e9r\u00e9, lits spacieux et silencieux \u2014 chaque d\u00e9tail t\u00e9moigne d&rsquo;un soin que l&rsquo;on voit et que l&rsquo;on ressent.<\/p>\t\t\t\t\t\t\t\t<\/div>\n\t\t\t\t<div class=\"elementor-element elementor-element-12ef129 elementor-widget elementor-widget-heading\" data-id=\"12ef129\" data-element_type=\"widget\" data-e-type=\"widget\" data-widget_type=\"heading.default\">\n\t\t\t\t\t<h2 class=\"elementor-heading-title elementor-size-default\">Mati\u00e8re, lumi\u00e8re, silence\n<\/h2>\t\t\t\t<\/div>\n\t\t\t\t<div class=\"elementor-element elementor-element-536f7c2 elementor-widget elementor-widget-text-editor\" data-id=\"536f7c2\" data-element_type=\"widget\" data-e-type=\"widget\" data-widget_type=\"text-editor.default\">\n\t\t\t\t\t\t\t\t\t<p><strong>Le contact de la pierre apparente et la chaleur des poutres<\/strong> en bois au plafond vous ram\u00e8nent \u00e0 un rapport authentique avec la mati\u00e8re, loin de la fr\u00e9n\u00e9sie moderne. Par les fen\u00eatres, La Spezia se d\u00e9voile comme un tableau vivant : toits, places, collines \u2014 un panorama vibrant qui change de lumi\u00e8re \u00e0 chaque heure.<br \/>Et pourtant, ici, c&rsquo;est le calme.<br \/><strong>Le privil\u00e8ge d&rsquo;\u00eatre au c\u0153ur de tout,<\/strong> avec la libert\u00e9 de s&rsquo;\u00e9loigner du monde quand on le souhaite.<\/p><p><strong>Les 6 chambres<\/strong> \u2014 Deluxe, Superior et la spacieuse Family Room Medusa \u2014 sont n\u00e9es en 2019 dans un style m\u00ealant contemporain et vintage. Chaque salle de bain priv\u00e9e est \u00e9quip\u00e9e d&rsquo;une douche avec chromoth\u00e9rapie (et hydromassage dans certaines chambres Superior et Familiale), coffre-fort, minibar, bouilloire et set de courtoisie. WiFi gratuit et rapide dans toute la structure.<\/p>\t\t\t\t\t\t\t\t<\/div>\n\t\t\t\t<\/div>\n\t\t<div class=\"elementor-element elementor-element-6e2daff e-con-full e-flex e-con e-child\" data-id=\"6e2daff\" data-element_type=\"container\" data-e-type=\"container\">\n\t\t\t\t<div class=\"elementor-element elementor-element-7139f5a elementor-widget elementor-widget-image-carousel\" data-id=\"7139f5a\" data-element_type=\"widget\" data-e-type=\"widget\" data-settings=\"{&quot;slides_to_show&quot;:&quot;1&quot;,&quot;navigation&quot;:&quot;none&quot;,&quot;autoplay_speed&quot;:2500,&quot;autoplay&quot;:&quot;yes&quot;,&quot;infinite&quot;:&quot;yes&quot;,&quot;effect&quot;:&quot;slide&quot;,&quot;speed&quot;:500}\" data-widget_type=\"image-carousel.default\">\n\t\t\t\t\t\t\t<div class=\"elementor-image-carousel-wrapper swiper\" role=\"region\" aria-roledescription=\"carousel\" aria-label=\"Carosello d&#039;immagini\" dir=\"ltr\">\n\t\t\t<div class=\"elementor-image-carousel swiper-wrapper swiper-image-stretch\" aria-live=\"off\">\n\t\t\t\t\t\t\t\t<div class=\"swiper-slide\" role=\"group\" aria-roledescription=\"slide\" aria-label=\"1 sur 5\"><figure class=\"swiper-slide-inner\"><img decoding=\"async\" class=\"swiper-slide-image\" src=\"https:\/\/superiorroomsinlaspezia.com\/wp-content\/uploads\/2026\/04\/superior-rooms-la-spezia-dettagli-02.jpg\" alt=\"superior rooms la spezia dettagli 02\" \/><\/figure><\/div><div class=\"swiper-slide\" role=\"group\" aria-roledescription=\"slide\" aria-label=\"2 sur 5\"><figure class=\"swiper-slide-inner\"><img decoding=\"async\" class=\"swiper-slide-image\" src=\"https:\/\/superiorroomsinlaspezia.com\/wp-content\/uploads\/2026\/04\/superior-rooms-la-spezia-dettagli-03.jpg\" alt=\"superior rooms la spezia dettagli 03\" \/><\/figure><\/div><div class=\"swiper-slide\" role=\"group\" aria-roledescription=\"slide\" aria-label=\"3 sur 5\"><figure class=\"swiper-slide-inner\"><img decoding=\"async\" class=\"swiper-slide-image\" src=\"https:\/\/superiorroomsinlaspezia.com\/wp-content\/uploads\/2026\/04\/superior-rooms-la-spezia-dettagli-05.jpg\" alt=\"superior rooms la spezia dettagli 05\" \/><\/figure><\/div><div class=\"swiper-slide\" role=\"group\" aria-roledescription=\"slide\" aria-label=\"4 sur 5\"><figure class=\"swiper-slide-inner\"><img decoding=\"async\" class=\"swiper-slide-image\" src=\"https:\/\/superiorroomsinlaspezia.com\/wp-content\/uploads\/2026\/04\/superior-rooms-la-spezia-dettagli-04.jpg\" alt=\"superior rooms la spezia dettagli 04\" \/><\/figure><\/div><div class=\"swiper-slide\" role=\"group\" aria-roledescription=\"slide\" aria-label=\"5 sur 5\"><figure class=\"swiper-slide-inner\"><img decoding=\"async\" class=\"swiper-slide-image\" src=\"https:\/\/superiorroomsinlaspezia.com\/wp-content\/uploads\/2026\/04\/superior-rooms-la-spezia-dettagli-01-scaled.jpg\" alt=\"superior rooms la spezia dettagli 01\" \/><\/figure><\/div>\t\t\t<\/div>\n\t\t\t\t\t\t\t\n\t\t\t\t\t\t\t\t\t<\/div>\n\t\t\t\t\t\t<\/div>\n\t\t\t\t<\/div>\n\t\t\t\t\t<\/div>\n\t\t\t\t<\/div>\n\t\t<div class=\"elementor-element elementor-element-609101a e-con-full e-flex e-con e-parent\" data-id=\"609101a\" data-element_type=\"container\" data-e-type=\"container\" data-settings=\"{&quot;background_background&quot;:&quot;classic&quot;}\">\n\t\t<div class=\"elementor-element elementor-element-56ab6c2 e-flex e-con-boxed e-con e-child\" data-id=\"56ab6c2\" data-element_type=\"container\" data-e-type=\"container\">\n\t\t\t\t\t<div class=\"e-con-inner\">\n\t\t\t\t<div class=\"elementor-element elementor-element-99b667b elementor-widget elementor-widget-heading\" data-id=\"99b667b\" data-element_type=\"widget\" data-e-type=\"widget\" data-widget_type=\"heading.default\">\n\t\t\t\t\t<h3 class=\"elementor-heading-title elementor-size-default\">Tout \u00e0 port\u00e9e de train \u2014 ou de pas\n<\/h3>\t\t\t\t<\/div>\n\t\t\t\t<div class=\"elementor-element elementor-element-0fdb2f3 elementor-widget elementor-widget-text-editor\" data-id=\"0fdb2f3\" data-element_type=\"widget\" data-e-type=\"widget\" data-widget_type=\"text-editor.default\">\n\t\t\t\t\t\t\t\t\t<p>\u00c0 300 m\u00e8tres de la gare centrale de La Spezia, vous \u00eates d\u00e9j\u00e0 \u00e0 10 minutes des Cinque Terre, \u00e0 20 de Porto Venere et \u00e0 quelques kilom\u00e8tres de Lerici, Tellaro et Sarzana.<br \/><strong>Vous pouvez oublier la voiture :<\/strong> les parkings publics et le parking de la gare sont \u00e0 deux pas, et d&rsquo;ici le territoire s&rsquo;explore confortablement en train ou en ferry.<\/p>\t\t\t\t\t\t\t\t<\/div>\n\t\t\t\t\t<\/div>\n\t\t\t\t<\/div>\n\t\t\t\t<\/div>\n\t\t<div class=\"elementor-element elementor-element-ecfdbfe e-flex e-con-boxed e-con e-parent\" data-id=\"ecfdbfe\" data-element_type=\"container\" data-e-type=\"container\" id=\"superior\">\n\t\t\t\t\t<div class=\"e-con-inner\">\n\t\t<div class=\"elementor-element elementor-element-587333d e-con-full e-flex e-con e-child\" data-id=\"587333d\" data-element_type=\"container\" data-e-type=\"container\">\n\t\t<div class=\"elementor-element elementor-element-44af03a e-con-full e-flex e-con e-child\" data-id=\"44af03a\" data-element_type=\"container\" data-e-type=\"container\">\n\t\t\t\t<div class=\"elementor-element elementor-element-96e0074 elementor-widget-divider--view-line_icon elementor-view-default elementor-widget-divider--element-align-center elementor-widget elementor-widget-divider\" data-id=\"96e0074\" data-element_type=\"widget\" data-e-type=\"widget\" data-widget_type=\"divider.default\">\n\t\t\t\t\t\t\t<div class=\"elementor-divider\">\n\t\t\t<span class=\"elementor-divider-separator\">\n\t\t\t\t\t\t\t<div class=\"elementor-icon elementor-divider__element\">\n\t\t\t\t\t<svg aria-hidden=\"true\" class=\"e-font-icon-svg e-fas-house-user\" viewBox=\"0 0 576 512\" xmlns=\"http:\/\/www.w3.org\/2000\/svg\"><path d=\"M570.69,236.27,512,184.44V48a16,16,0,0,0-16-16H432a16,16,0,0,0-16,16V99.67L314.78,10.3C308.5,4.61,296.53,0,288,0s-20.46,4.61-26.74,10.3l-256,226A18.27,18.27,0,0,0,0,248.2a18.64,18.64,0,0,0,4.09,10.71L25.5,282.7a21.14,21.14,0,0,0,12,5.3,21.67,21.67,0,0,0,10.69-4.11l15.9-14V480a32,32,0,0,0,32,32H480a32,32,0,0,0,32-32V269.88l15.91,14A21.94,21.94,0,0,0,538.63,288a20.89,20.89,0,0,0,11.87-5.31l21.41-23.81A21.64,21.64,0,0,0,576,248.19,21,21,0,0,0,570.69,236.27ZM288,176a64,64,0,1,1-64,64A64,64,0,0,1,288,176ZM400,448H176a16,16,0,0,1-16-16,96,96,0,0,1,96-96h64a96,96,0,0,1,96,96A16,16,0,0,1,400,448Z\"><\/path><\/svg><\/div>\n\t\t\t\t\t\t<\/span>\n\t\t<\/div>\n\t\t\t\t\t\t<\/div>\n\t\t\t\t<div class=\"elementor-element elementor-element-705b8d3 elementor-widget elementor-widget-heading\" data-id=\"705b8d3\" data-element_type=\"widget\" data-e-type=\"widget\" data-widget_type=\"heading.default\">\n\t\t\t\t\t<h3 class=\"elementor-heading-title elementor-size-default\">6 chambres, six noms, six histoires \u00e0 vivre\n<\/h3>\t\t\t\t<\/div>\n\t\t\t\t<div class=\"elementor-element elementor-element-05df73e elementor-widget elementor-widget-image\" data-id=\"05df73e\" data-element_type=\"widget\" data-e-type=\"widget\" data-widget_type=\"image.default\">\n\t\t\t\t\t\t\t\t\t\t\t\t\t\t\t<img fetchpriority=\"high\" decoding=\"async\" width=\"2513\" height=\"1700\" src=\"https:\/\/superiorroomsinlaspezia.com\/wp-content\/uploads\/2026\/03\/superior-rooms-la-spezia-canera-regina-vittoria-22.jpg\" class=\"attachment-full size-full wp-image-1666\" alt=\"\" srcset=\"https:\/\/superiorroomsinlaspezia.com\/wp-content\/uploads\/2026\/03\/superior-rooms-la-spezia-canera-regina-vittoria-22.jpg 2513w, https:\/\/superiorroomsinlaspezia.com\/wp-content\/uploads\/2026\/03\/superior-rooms-la-spezia-canera-regina-vittoria-22-300x203.jpg 300w, https:\/\/superiorroomsinlaspezia.com\/wp-content\/uploads\/2026\/03\/superior-rooms-la-spezia-canera-regina-vittoria-22-1024x693.jpg 1024w, https:\/\/superiorroomsinlaspezia.com\/wp-content\/uploads\/2026\/03\/superior-rooms-la-spezia-canera-regina-vittoria-22-768x520.jpg 768w, https:\/\/superiorroomsinlaspezia.com\/wp-content\/uploads\/2026\/03\/superior-rooms-la-spezia-canera-regina-vittoria-22-1536x1039.jpg 1536w, https:\/\/superiorroomsinlaspezia.com\/wp-content\/uploads\/2026\/03\/superior-rooms-la-spezia-canera-regina-vittoria-22-2048x1385.jpg 2048w\" sizes=\"(max-width: 2513px) 100vw, 2513px\" \/>\t\t\t\t\t\t\t\t\t\t\t\t\t\t\t<\/div>\n\t\t\t\t<\/div>\n\t\t<div class=\"elementor-element elementor-element-fe17bb1 e-con-full e-flex e-con e-child\" data-id=\"fe17bb1\" data-element_type=\"container\" data-e-type=\"container\">\n\t\t\t\t<div class=\"elementor-element elementor-element-0329175 elementor-widget elementor-widget-image\" data-id=\"0329175\" data-element_type=\"widget\" data-e-type=\"widget\" data-widget_type=\"image.default\">\n\t\t\t\t\t\t\t\t\t\t\t\t\t\t\t<img decoding=\"async\" width=\"2560\" height=\"1708\" src=\"https:\/\/superiorroomsinlaspezia.com\/wp-content\/uploads\/2026\/04\/superior-rooms-medusa-5.jpg\" class=\"attachment-full size-full wp-image-2223\" alt=\"\" srcset=\"https:\/\/superiorroomsinlaspezia.com\/wp-content\/uploads\/2026\/04\/superior-rooms-medusa-5.jpg 2560w, https:\/\/superiorroomsinlaspezia.com\/wp-content\/uploads\/2026\/04\/superior-rooms-medusa-5-300x200.jpg 300w, https:\/\/superiorroomsinlaspezia.com\/wp-content\/uploads\/2026\/04\/superior-rooms-medusa-5-1024x683.jpg 1024w, https:\/\/superiorroomsinlaspezia.com\/wp-content\/uploads\/2026\/04\/superior-rooms-medusa-5-768x512.jpg 768w, https:\/\/superiorroomsinlaspezia.com\/wp-content\/uploads\/2026\/04\/superior-rooms-medusa-5-1536x1025.jpg 1536w, https:\/\/superiorroomsinlaspezia.com\/wp-content\/uploads\/2026\/04\/superior-rooms-medusa-5-2048x1366.jpg 2048w\" sizes=\"(max-width: 2560px) 100vw, 2560px\" \/>\t\t\t\t\t\t\t\t\t\t\t\t\t\t\t<\/div>\n\t\t\t\t<div class=\"elementor-element elementor-element-7cbeab2 elementor-widget elementor-widget-text-editor\" data-id=\"7cbeab2\" data-element_type=\"widget\" data-e-type=\"widget\" data-widget_type=\"text-editor.default\">\n\t\t\t\t\t\t\t\t\t<p>Deluxe, Superior et Family Room : chacune diff\u00e9rente par l&rsquo;espace et le caract\u00e8re, toutes unies par le m\u00eame soin du d\u00e9tail. Pierre, bois, confort moderne et une vue qui vaut le voyage. Choisissez la v\u00f4tre.<\/p><p>Toutes les chambres disposent d&rsquo;un bureau, d&rsquo;une TV \u00e0 \u00e9cran plat et d&rsquo;un coffre-fort. La salle de bain priv\u00e9e comprend une douche avec chromoth\u00e9rapie et\/ou hydromassage, set de courtoisie et s\u00e8che-cheveux. Chaque chambre est \u00e9quip\u00e9e d&rsquo;un minibar et d&rsquo;une bouilloire.<\/p>\t\t\t\t\t\t\t\t<\/div>\n\t\t<div class=\"elementor-element elementor-element-6efb7c5 e-con-full e-flex e-con e-child\" data-id=\"6efb7c5\" data-element_type=\"container\" data-e-type=\"container\">\n\t\t\t\t<div class=\"elementor-element elementor-element-449395a elementor-align-center elementor-widget__width-inherit elementor-widget elementor-widget-button\" data-id=\"449395a\" data-element_type=\"widget\" data-e-type=\"widget\" data-widget_type=\"button.default\">\n\t\t\t\t\t\t\t\t\t\t<a class=\"elementor-button elementor-button-link elementor-size-sm\" href=\"https:\/\/superiorroomsinlaspezia.com\/fr\/chambres\/\">\n\t\t\t\t\t\t<span class=\"elementor-button-content-wrapper\">\n\t\t\t\t\t\t\t\t\t<span class=\"elementor-button-text\">D\u00e9couvrir toutes les chambres<\/span>\n\t\t\t\t\t<\/span>\n\t\t\t\t\t<\/a>\n\t\t\t\t\t\t\t\t<\/div>\n\t\t\t\t<div class=\"elementor-element elementor-element-284a2e4 elementor-align-center elementor-widget__width-inherit elementor-widget elementor-widget-button\" data-id=\"284a2e4\" data-element_type=\"widget\" data-e-type=\"widget\" data-widget_type=\"button.default\">\n\t\t\t\t\t\t\t\t\t\t<a class=\"elementor-button elementor-button-link elementor-size-sm\" href=\"https:\/\/wubook.net\/nneb\/bk?f=today&#038;n=1&#038;ep=18f17eed&#038;rtag=5&#038;o=1.0.0.0\" rel=\"nofollow noopener\" target=\"_blank\">\n\t\t\t\t\t\t<span class=\"elementor-button-content-wrapper\">\n\t\t\t\t\t\t\t\t\t<span class=\"elementor-button-text\">R\u00e9server maintenant<\/span>\n\t\t\t\t\t<\/span>\n\t\t\t\t\t<\/a>\n\t\t\t\t\t\t\t\t<\/div>\n\t\t\t\t<\/div>\n\t\t\t\t<\/div>\n\t\t\t\t<\/div>\n\t\t\t\t\t<\/div>\n\t\t\t\t<\/div>\n\t\t<div class=\"elementor-element elementor-element-0d18475 e-flex e-con-boxed e-con e-parent\" data-id=\"0d18475\" data-element_type=\"container\" data-e-type=\"container\">\n\t\t\t\t\t<div class=\"e-con-inner\">\n\t\t\t\t\t<\/div>\n\t\t\t\t<\/div>\n\t\t\t\t<\/div>\n\t\t","protected":false},"excerpt":{"rendered":"<p>SuperioR Rooms in La Spezia Au c\u0153ur de La Spezia, \u00e0 deux pas de tout En savoir plus Nos chambres Au c\u0153ur de La Spezia, \u00e0 deux pas de tout Fermez la porte derri\u00e8re vous et laissez le bruit dehors. Les chambres de Superior Rooms, notre maison d&rsquo;h\u00f4tes du Golfe des Po\u00e8tes et des Cinque [&hellip;]<\/p>\n","protected":false},"author":1,"featured_media":1596,"parent":0,"menu_order":0,"comment_status":"closed","ping_status":"closed","template":"","meta":{"_acf_changed":false,"_joinchat":[],"footnotes":""},"class_list":["post-4508","page","type-page","status-publish","has-post-thumbnail","hentry"],"acf":[],"_links":{"self":[{"href":"https:\/\/superiorroomsinlaspezia.com\/fr\/wp-json\/wp\/v2\/pages\/4508","targetHints":{"allow":["GET"]}}],"collection":[{"href":"https:\/\/superiorroomsinlaspezia.com\/fr\/wp-json\/wp\/v2\/pages"}],"about":[{"href":"https:\/\/superiorroomsinlaspezia.com\/fr\/wp-json\/wp\/v2\/types\/page"}],"author":[{"embeddable":true,"href":"https:\/\/superiorroomsinlaspezia.com\/fr\/wp-json\/wp\/v2\/users\/1"}],"replies":[{"embeddable":true,"href":"https:\/\/superiorroomsinlaspezia.com\/fr\/wp-json\/wp\/v2\/comments?post=4508"}],"version-history":[{"count":53,"href":"https:\/\/superiorroomsinlaspezia.com\/fr\/wp-json\/wp\/v2\/pages\/4508\/revisions"}],"predecessor-version":[{"id":4585,"href":"https:\/\/superiorroomsinlaspezia.com\/fr\/wp-json\/wp\/v2\/pages\/4508\/revisions\/4585"}],"wp:featuredmedia":[{"embeddable":true,"href":"https:\/\/superiorroomsinlaspezia.com\/fr\/wp-json\/wp\/v2\/media\/1596"}],"wp:attachment":[{"href":"https:\/\/superiorroomsinlaspezia.com\/fr\/wp-json\/wp\/v2\/media?parent=4508"}],"curies":[{"name":"wp","href":"https:\/\/api.w.org\/{rel}","templated":true}]}}